{"id":336893,"date":"2025-08-04T19:24:24","date_gmt":"2025-08-04T17:24:24","guid":{"rendered":"https:\/\/sibariscatering.com\/?page_id=336893"},"modified":"2025-08-04T23:03:03","modified_gmt":"2025-08-04T21:03:03","slug":"avis-legal-2","status":"publish","type":"page","link":"https:\/\/sibariscatering.com\/ca\/avis-legal-2\/","title":{"rendered":"AVIS LEGAL"},"content":{"rendered":"<p>[et_pb_section fb_built=&#8221;1&#8243; admin_label=&#8221;section&#8221; _builder_version=&#8221;4.16&#8243; global_colors_info=&#8221;{}&#8221; da_is_popup=&#8221;off&#8221; da_exit_intent=&#8221;off&#8221; da_has_close=&#8221;on&#8221; da_alt_close=&#8221;off&#8221; da_dark_close=&#8221;off&#8221; da_not_modal=&#8221;on&#8221; da_is_singular=&#8221;off&#8221; da_with_loader=&#8221;off&#8221; da_has_shadow=&#8221;on&#8221; da_disable_devices=&#8221;off|off|off&#8221;][et_pb_row admin_label=&#8221;row&#8221; _builder_version=&#8221;4.16&#8243; background_size=&#8221;initial&#8221; background_position=&#8221;top_left&#8221; background_repeat=&#8221;repeat&#8221; global_colors_info=&#8221;{}&#8221;][et_pb_column type=&#8221;4_4&#8243; _builder_version=&#8221;4.16&#8243; custom_padding=&#8221;|||&#8221; global_colors_info=&#8221;{}&#8221; custom_padding__hover=&#8221;|||&#8221;][et_pb_text admin_label=&#8221;Text&#8221; _builder_version=&#8221;4.26.1&#8243; text_font=&#8221;AUTHENTICSans-60||||||||&#8221; text_text_color=&#8221;#000000&#8243; header_2_font=&#8221;OTJubilee-Diamond||||||||&#8221; background_size=&#8221;initial&#8221; background_position=&#8221;top_left&#8221; background_repeat=&#8221;repeat&#8221; global_colors_info=&#8221;{}&#8221;]<\/p>\n<h2>Aviso Legal<\/h2>\n<p>En cumplimiento con el art\u00edculo 10 de la Ley 34\/2002, de 11 de julio, de Servicios de la Sociedad de la Informaci\u00f3n y Comercio Electr\u00f3nico (LSSICE), a continuaci\u00f3n se detallan los datos identificativos de la empresa:<\/p>\n<p>Nombre de la Empresa: Sibaris Catering SL<br \/>CIF: B60349099<br \/>Domicilio Social: Avenida Corts Catalanes, 5 \u2013 5-7 Nave 5, Sant Cugat Del Valles, 08173, Barcelona<br \/>Correo Electr\u00f3nico: sibaris[arrroba]sibariscatering.com<br \/>Tel\u00e9fono: +34 936 754 051<\/p>\n<p>Toda persona que acceda a este sitio web asume el papel de usuario, comprometi\u00e9ndose a la observancia y cumplimiento riguroso de las disposiciones aqu\u00ed dispuestas, as\u00ed como a cualquier otra disposici\u00f3n legal que fuera de aplicaci\u00f3n.<\/p>\n<p>El usuario se compromete a utilizar el sitio web, sus contenidos y servicios de conformidad con la ley, la moral, el orden p\u00fablico y las presentes condiciones de uso. Asimismo, se compromete a hacer un uso adecuado de los servicios y\/o contenidos del sitio web y a no emplearlos para realizar actividades il\u00edcitas o constitutivas de delito, que infrinjan los derechos de terceros y\/o que infrinjan la regulaci\u00f3n sobre propiedad intelectual e industrial, o cualesquiera otras normas del ordenamiento jur\u00eddico aplicable.<\/p>\n<p>El titular del sitio web no se hace responsable de los da\u00f1os y perjuicios de cualquier naturaleza que pudieran derivarse del acceso, interceptaci\u00f3n, eliminaci\u00f3n, modificaci\u00f3n, modificaci\u00f3n y manipulaci\u00f3n, en todo o en parte, por terceros, de los mensajes transmitidos o de cualquier otra informaci\u00f3n que se facilite a trav\u00e9s del mismo.<\/p>\n<p>El titular del sitio web se reserva el derecho de realizar sin previo aviso las modificaciones que considere oportunas en su sitio web, pudiendo cambiar, suprimir o a\u00f1adir tanto los contenidos y servicios que se presten a trav\u00e9s del mismo como la forma en la que \u00e9stos aparezcan presentados o localizados en su sitio web.<\/p>\n<p>La utilizaci\u00f3n no autorizada de la informaci\u00f3n contenida en este sitio web, as\u00ed como la lesi\u00f3n de los derechos de Propiedad Intelectual o Industrial del titular del sitio web dar\u00e1 lugar a las responsabilidades legalmente establecidas.<\/p>\n<p>Este sitio web puede contener enlaces a sitios web de terceros. El titular del sitio web no se hace responsable de la veracidad y exactitud de la informaci\u00f3n contenida en estos enlaces ni de los da\u00f1os y perjuicios derivados de la utilizaci\u00f3n de los mismos.<\/p>\n<p>La utilizaci\u00f3n de este sitio web implica la plena aceptaci\u00f3n de las disposiciones aqu\u00ed establecidas, sin perjuicio de aquellas particulares que pudieran aplicarse a algunos de los servicios concretos ofrecidos a trav\u00e9s del mismo.<\/p>\n<p>[\/et_pb_text][\/et_pb_column][\/et_pb_row][\/et_pb_section]<\/p>\n","protected":false},"excerpt":{"rendered":"<p>Aviso Legal En cumplimiento con el art\u00edculo 10 de la Ley 34\/2002, de 11 de julio, de Servicios de la Sociedad de la Informaci\u00f3n y Comercio Electr\u00f3nico (LSSICE), a continuaci\u00f3n se detallan los datos identificativos de la empresa: Nombre de la Empresa: Sibaris Catering SLCIF: B60349099Domicilio Social: Avenida Corts Catalanes, 5 \u2013 5-7 Nave 5, [&hellip;]<\/p>\n","protected":false},"author":2,"featured_media":0,"parent":0,"menu_order":0,"comment_status":"closed","ping_status":"closed","template":"","meta":{"_et_pb_use_builder":"on","_et_pb_old_content":"","_et_gb_content_width":"","footnotes":""},"class_list":["post-336893","page","type-page","status-publish","hentry"],"_links":{"self":[{"href":"https:\/\/sibariscatering.com\/ca\/wp-json\/wp\/v2\/pages\/336893","targetHints":{"allow":["GET"]}}],"collection":[{"href":"https:\/\/sibariscatering.com\/ca\/wp-json\/wp\/v2\/pages"}],"about":[{"href":"https:\/\/sibariscatering.com\/ca\/wp-json\/wp\/v2\/types\/page"}],"author":[{"embeddable":true,"href":"https:\/\/sibariscatering.com\/ca\/wp-json\/wp\/v2\/users\/2"}],"replies":[{"embeddable":true,"href":"https:\/\/sibariscatering.com\/ca\/wp-json\/wp\/v2\/comments?post=336893"}],"version-history":[{"count":1,"href":"https:\/\/sibariscatering.com\/ca\/wp-json\/wp\/v2\/pages\/336893\/revisions"}],"predecessor-version":[{"id":336894,"href":"https:\/\/sibariscatering.com\/ca\/wp-json\/wp\/v2\/pages\/336893\/revisions\/336894"}],"wp:attachment":[{"href":"https:\/\/sibariscatering.com\/ca\/wp-json\/wp\/v2\/media?parent=336893"}],"curies":[{"name":"wp","href":"https:\/\/api.w.org\/{rel}","templated":true}]}}