{"id":336489,"date":"2024-07-15T10:21:32","date_gmt":"2024-07-15T08:21:32","guid":{"rendered":"https:\/\/sibariscatering.com\/avis-legal\/"},"modified":"2024-10-17T10:19:07","modified_gmt":"2024-10-17T08:19:07","slug":"avis-legal","status":"publish","type":"page","link":"https:\/\/sibariscatering.com\/ca\/avis-legal\/","title":{"rendered":"AVIS LEGAL"},"content":{"rendered":"<p>[et_pb_section fb_built=&#8221;1&#8243; admin_label=&#8221;section&#8221; _builder_version=&#8221;4.16&#8243; global_colors_info=&#8221;{}&#8221; theme_builder_area=&#8221;post_content&#8221;][et_pb_row admin_label=&#8221;row&#8221; _builder_version=&#8221;4.16&#8243; background_size=&#8221;initial&#8221; background_position=&#8221;top_left&#8221; background_repeat=&#8221;repeat&#8221; global_colors_info=&#8221;{}&#8221; theme_builder_area=&#8221;post_content&#8221;][et_pb_column type=&#8221;4_4&#8243; _builder_version=&#8221;4.16&#8243; custom_padding=&#8221;|||&#8221; global_colors_info=&#8221;{}&#8221; custom_padding__hover=&#8221;|||&#8221; theme_builder_area=&#8221;post_content&#8221;][et_pb_text admin_label=&#8221;Text&#8221; _builder_version=&#8221;4.26.1&#8243; text_font=&#8221;AUTHENTICSans-60||||||||&#8221; text_text_color=&#8221;#000000&#8243; text_font_size=&#8221;16px&#8221; header_2_font=&#8221;OTJubilee-Diamond||||||||&#8221; background_size=&#8221;initial&#8221; background_position=&#8221;top_left&#8221; background_repeat=&#8221;repeat&#8221; hover_enabled=&#8221;0&#8243; global_colors_info=&#8221;{}&#8221; theme_builder_area=&#8221;post_content&#8221; sticky_enabled=&#8221;0&#8243;]<\/p>\n<h2>Avis Legal<\/h2>\n<p>En cumplimiento con el art\u00edculo 10 de la Ley 34\/2002, de 11 de julio, de Servicios de la Sociedad de la Informaci\u00f3n y Comercio Electr\u00f3nico (LSSICE), a continuaci\u00f3n se detallan los datos identificativos de la empresa:<\/p>\n<p>Nom de l&#8217;Empresa: Sibaris Catering<br \/>CIF: B60349099<br \/>Domicili Social: Avinguda Corts Catalanes, 5 \u2013 5-7 Nave 5, Sant Cugat Del Valles, 08173, Barcelona<br \/>Correu Electr\u00f2nic: [correo electr\u00f3nico de contacto]<br \/>Tel\u00e8fon: [n\u00famero de tel\u00e9fono]<\/p>\n<p>Tota persona que accedeixi a aquest lloc web assumeix el paper d&#8217;usuari, comprometent-se a l&#8217;observan\u00e7a i compliment rigor\u00f3s de les disposicions aqu\u00ed disposades, aix\u00ed com a qualsevol altra disposici\u00f3 legal que fos aplicable.<\/p>\n<p>L&#8217;usuari es compromet a utilitzar el lloc web, els seus continguts i serveis de conformitat amb la llei, la moral, l&#8217;ordre p\u00fablic i les presents condicions d&#8217;\u00fas. Aix\u00ed mateix, es compromet a fer un \u00fas adequat dels serveis i\/o continguts del lloc web i a no emprar-los per a realitzar activitats il\u00b7l\u00edcites o constitutives de delicte, que infringeixin els drets de tercers i\/o que infringeixin la regulaci\u00f3 sobre propietat intel\u00b7lectual i industrial, o qualssevol altres normes de l&#8217;ordenament jur\u00eddic aplicable. <\/p>\n<p>El titular del lloc web no es fa responsable dels danys i perjudicis de qualsevol naturalesa que poguessin derivar-se de l&#8217;acc\u00e9s, intercepci\u00f3, eliminaci\u00f3, modificaci\u00f3, modificaci\u00f3 i manipulaci\u00f3, en tot o en part, per tercers, dels missatges transmesos o de qualsevol altra informaci\u00f3 que es faciliti a trav\u00e9s d&#8217;aquest.<\/p>\n<p>El titular del lloc web es reserva el dret de realitzar sense previ av\u00eds les modificacions que consideri oportunes en el seu lloc web, podent canviar, suprimir o afegir tant els continguts i serveis que es prestin a trav\u00e9s del mateix com la forma en la qual aquests apareguin presentats o localitzats en el seu lloc web.<\/p>\n<p>La utilitzaci\u00f3 no autoritzada de la informaci\u00f3 continguda en aquest lloc web, aix\u00ed com la lesi\u00f3 dels drets de Propietat Intel\u00b7lectual o Industrial del titular del lloc web donar\u00e0 lloc a les responsabilitats legalment establertes.<\/p>\n<p>Aquest lloc web pot contenir enlla\u00e7os a llocs web de tercers. El titular del lloc web no es fa responsable de la veracitat i exactitud de la informaci\u00f3 continguda en aquests enlla\u00e7os ni dels danys i perjudicis derivats de la utilitzaci\u00f3 d&#8217;aquests. <\/p>\n<p>La utilitzaci\u00f3 d&#8217;aquest lloc web implica la plena acceptaci\u00f3 de les disposicions aqu\u00ed establertes, sense perjudici d&#8217;aquelles particulars que poguessin aplicar-se a alguns dels serveis concrets oferts a trav\u00e9s d&#8217;aquest.<\/p>\n<p>[\/et_pb_text][\/et_pb_column][\/et_pb_row][\/et_pb_section]<\/p>\n","protected":false},"excerpt":{"rendered":"<p>Avis Legal En cumplimiento con el art\u00edculo 10 de la Ley 34\/2002, de 11 de julio, de Servicios de la Sociedad de la Informaci\u00f3n y Comercio Electr\u00f3nico (LSSICE), a continuaci\u00f3n se detallan los datos identificativos de la empresa: Nom de l&#8217;Empresa: Sibaris CateringCIF: B60349099Domicili Social: Avinguda Corts Catalanes, 5 \u2013 5-7 Nave 5, Sant Cugat [&hellip;]<\/p>\n","protected":false},"author":1,"featured_media":0,"parent":0,"menu_order":0,"comment_status":"closed","ping_status":"closed","template":"","meta":{"_et_pb_use_builder":"on","_et_pb_old_content":"","_et_gb_content_width":"","footnotes":""},"class_list":["post-336489","page","type-page","status-publish","hentry"],"_links":{"self":[{"href":"https:\/\/sibariscatering.com\/ca\/wp-json\/wp\/v2\/pages\/336489","targetHints":{"allow":["GET"]}}],"collection":[{"href":"https:\/\/sibariscatering.com\/ca\/wp-json\/wp\/v2\/pages"}],"about":[{"href":"https:\/\/sibariscatering.com\/ca\/wp-json\/wp\/v2\/types\/page"}],"author":[{"embeddable":true,"href":"https:\/\/sibariscatering.com\/ca\/wp-json\/wp\/v2\/users\/1"}],"replies":[{"embeddable":true,"href":"https:\/\/sibariscatering.com\/ca\/wp-json\/wp\/v2\/comments?post=336489"}],"version-history":[{"count":2,"href":"https:\/\/sibariscatering.com\/ca\/wp-json\/wp\/v2\/pages\/336489\/revisions"}],"predecessor-version":[{"id":336491,"href":"https:\/\/sibariscatering.com\/ca\/wp-json\/wp\/v2\/pages\/336489\/revisions\/336491"}],"wp:attachment":[{"href":"https:\/\/sibariscatering.com\/ca\/wp-json\/wp\/v2\/media?parent=336489"}],"curies":[{"name":"wp","href":"https:\/\/api.w.org\/{rel}","templated":true}]}}