{"id":336474,"date":"2024-10-05T07:12:02","date_gmt":"2024-10-05T05:12:02","guid":{"rendered":"https:\/\/sibariscatering.com\/empreses\/"},"modified":"2024-10-17T10:08:22","modified_gmt":"2024-10-17T08:08:22","slug":"empreses","status":"publish","type":"page","link":"https:\/\/sibariscatering.com\/ca\/empreses\/","title":{"rendered":"EMPRESES"},"content":{"rendered":"<p>[et_pb_section fb_built=&#8221;1&#8243; admin_label=&#8221;Section&#8221; module_id=&#8221;seccion1&#8243; module_class=&#8221;dark-background&#8221; _builder_version=&#8221;4.27.2&#8243; _module_preset=&#8221;default&#8221; background_color=&#8221;rgba(0,0,0,0.3)&#8221; background_image=&#8221;https:\/\/sibariscatering.com\/wp-content\/uploads\/2024\/05\/Sibaris337-min-scaled-1.jpg&#8221; background_blend=&#8221;multiply&#8221; min_height=&#8221;80vh&#8221; da_popup_slug=&#8221;seccion1&#8243; da_disable_devices=&#8221;off|off|off&#8221; global_colors_info=&#8221;{}&#8221; da_is_popup=&#8221;off&#8221; da_exit_intent=&#8221;off&#8221; da_has_close=&#8221;on&#8221; da_alt_close=&#8221;off&#8221; da_dark_close=&#8221;off&#8221; da_not_modal=&#8221;on&#8221; da_is_singular=&#8221;off&#8221; da_with_loader=&#8221;off&#8221; da_has_shadow=&#8221;on&#8221;][et_pb_row _builder_version=&#8221;4.26.0&#8243; _module_preset=&#8221;default&#8221; width=&#8221;100%&#8221; max_width=&#8221;100%&#8221; global_colors_info=&#8221;{}&#8221;][et_pb_column type=&#8221;4_4&#8243; _builder_version=&#8221;4.26.0&#8243; _module_preset=&#8221;default&#8221; global_colors_info=&#8221;{}&#8221;][\/et_pb_column][\/et_pb_row][et_pb_row _builder_version=&#8221;4.26.0&#8243; _module_preset=&#8221;default&#8221; global_colors_info=&#8221;{}&#8221;][et_pb_column type=&#8221;4_4&#8243; _builder_version=&#8221;4.26.0&#8243; _module_preset=&#8221;default&#8221; global_colors_info=&#8221;{}&#8221;][et_pb_text _builder_version=&#8221;4.27.2&#8243; _module_preset=&#8221;default&#8221; text_font=&#8221;OTJubilee-Diamond||||||||&#8221; text_text_color=&#8221;#FFFFFF&#8221; text_font_size=&#8221;67px&#8221; text_line_height=&#8221;0.9em&#8221; global_colors_info=&#8221;{}&#8221;]El bon menjar<br \/>\nque ens connecta[\/et_pb_text][et_pb_text _builder_version=&#8221;4.27.2&#8243; _module_preset=&#8221;default&#8221; text_font=&#8221;AUTHENTICSans-90||||||||&#8221; text_text_color=&#8221;#FFFFFF&#8221; text_font_size=&#8221;23px&#8221; text_line_height=&#8221;1.3em&#8221; custom_padding=&#8221;|||110px|false|false&#8221; custom_padding_tablet=&#8221;|||110px|false|false&#8221; custom_padding_phone=&#8221;|||0px|false|false&#8221; custom_padding_last_edited=&#8221;on|phone&#8221; global_colors_info=&#8221;{}&#8221;]<\/p>\n<p>Convertim cada esdeveniment d&#8217;empresa en una experi\u00e8ncia conceptual, singular i multisensorial. Col\u00b7laborant amb partners i xefs de reconegut prestigi creem viv\u00e8ncies que van m\u00e9s enll\u00e0 per a gaudir de la cuina creativa d&#8217;una manera diferent. <\/p>\n<p>[\/et_pb_text][\/et_pb_column][\/et_pb_row][\/et_pb_section][et_pb_section fb_built=&#8221;1&#8243; admin_label=&#8221;Section&#8221; module_id=&#8221;seccion2&#8243; module_class=&#8221;light-background&#8221; _builder_version=&#8221;4.27.2&#8243; _module_preset=&#8221;default&#8221; da_popup_slug=&#8221;seccion2&#8243; da_disable_devices=&#8221;off|off|off&#8221; global_colors_info=&#8221;{}&#8221; da_is_popup=&#8221;off&#8221; da_exit_intent=&#8221;off&#8221; da_has_close=&#8221;on&#8221; da_alt_close=&#8221;off&#8221; da_dark_close=&#8221;off&#8221; da_not_modal=&#8221;on&#8221; da_is_singular=&#8221;off&#8221; da_with_loader=&#8221;off&#8221; da_has_shadow=&#8221;on&#8221;][et_pb_row _builder_version=&#8221;4.26.0&#8243; _module_preset=&#8221;default&#8221; global_colors_info=&#8221;{}&#8221;][et_pb_column type=&#8221;4_4&#8243; _builder_version=&#8221;4.26.0&#8243; _module_preset=&#8221;default&#8221; global_colors_info=&#8221;{}&#8221;][et_pb_text _builder_version=&#8221;4.26.0&#8243; _module_preset=&#8221;default&#8221; text_font=&#8221;AUTHENTICSans-90||||||||&#8221; text_text_color=&#8221;#000000&#8243; text_font_size=&#8221;23px&#8221; text_line_height=&#8221;1.3em&#8221; global_colors_info=&#8221;{}&#8221;]Treballem conjuntament per a plantejar de la manera m\u00e9s precisa el vostre esdeveniment corporatiu; congressos presentacions, jornades de treball, activitats de teaming, reunions motivacionals, celebracions, sopars d&#8217;empresa\u2026. En Sibaris, connectem amb cada empresa, ja que som els representants gastron\u00f2mics durant els esdeveniments. Comptem amb m\u00faltiples espais singulars on poder dur-ho a terme, i conjuntament amb el nostre equip de cuina i sala desenvoluparem un esdeveniment a mesura.[\/et_pb_text][et_pb_button button_text=&#8221;contacta amb nosaltres&#8221; _builder_version=&#8221;4.27.2&#8243; _module_preset=&#8221;default&#8221; custom_button=&#8221;on&#8221; button_text_size=&#8221;18px&#8221; button_text_color=&#8221;#000000&#8243; button_border_radius=&#8221;30px&#8221; button_font=&#8221;AUTHENTICSans-60|||on|||||&#8221; custom_padding=&#8221;10px|50px|10px|50px|true|true&#8221; hover_enabled=&#8221;0&#8243; global_colors_info=&#8221;{}&#8221; button_bg_color__hover_enabled=&#8221;on|hover&#8221; button_bg_color__hover=&#8221;#000000&#8243; button_bg_enable_color__hover=&#8221;on&#8221; button_text_color__hover_enabled=&#8221;on|hover&#8221; button_text_color__hover=&#8221;#FFFFFF&#8221; button_url=&#8221;https:\/\/sibariscatering.com\/ca\/contacte\/&#8221; sticky_enabled=&#8221;0&#8243;][\/et_pb_button][\/et_pb_column][\/et_pb_row][\/et_pb_section][et_pb_section fb_built=&#8221;1&#8243; admin_label=&#8221;Section&#8221; module_id=&#8221;seccion2&#8243; module_class=&#8221;light-background&#8221; _builder_version=&#8221;4.27.2&#8243; _module_preset=&#8221;default&#8221; da_popup_slug=&#8221;seccion2&#8243; da_disable_devices=&#8221;off|off|off&#8221; global_colors_info=&#8221;{}&#8221; da_is_popup=&#8221;off&#8221; da_exit_intent=&#8221;off&#8221; da_has_close=&#8221;on&#8221; da_alt_close=&#8221;off&#8221; da_dark_close=&#8221;off&#8221; da_not_modal=&#8221;on&#8221; da_is_singular=&#8221;off&#8221; da_with_loader=&#8221;off&#8221; da_has_shadow=&#8221;on&#8221;][et_pb_row _builder_version=&#8221;4.26.0&#8243; _module_preset=&#8221;default&#8221; global_colors_info=&#8221;{}&#8221;][et_pb_column type=&#8221;4_4&#8243; _builder_version=&#8221;4.26.0&#8243; _module_preset=&#8221;default&#8221; global_colors_info=&#8221;{}&#8221;][et_pb_text _builder_version=&#8221;4.27.2&#8243; _module_preset=&#8221;default&#8221; text_font=&#8221;OTJubilee-Diamond||||||||&#8221; text_text_color=&#8221;#000000&#8243; text_font_size=&#8221;67px&#8221; text_line_height=&#8221;0.9em&#8221; text_font_size_tablet=&#8221;67px&#8221; text_font_size_phone=&#8221;52px&#8221; text_font_size_last_edited=&#8221;on|phone&#8221; global_colors_info=&#8221;{}&#8221;]<\/p>\n<p>Col\u00b7laboradors exclusius<\/p>\n<p>[\/et_pb_text][\/et_pb_column][\/et_pb_row][\/et_pb_section][et_pb_section fb_built=&#8221;1&#8243; admin_label=&#8221;Section&#8221; module_id=&#8221;seccion3&#8243; module_class=&#8221;light-background&#8221; _builder_version=&#8221;4.27.2&#8243; _module_preset=&#8221;default&#8221; da_popup_slug=&#8221;seccion3&#8243; da_disable_devices=&#8221;off|off|off&#8221; global_colors_info=&#8221;{}&#8221; da_is_popup=&#8221;off&#8221; da_exit_intent=&#8221;off&#8221; da_has_close=&#8221;on&#8221; da_alt_close=&#8221;off&#8221; da_dark_close=&#8221;off&#8221; da_not_modal=&#8221;on&#8221; da_is_singular=&#8221;off&#8221; da_with_loader=&#8221;off&#8221; da_has_shadow=&#8221;on&#8221;][et_pb_row column_structure=&#8221;1_2,1_2&#8243; use_custom_gutter=&#8221;on&#8221; gutter_width=&#8221;2&#8243; _builder_version=&#8221;4.26.0&#8243; _module_preset=&#8221;default&#8221; width=&#8221;95%&#8221; max_width=&#8221;95%&#8221; global_colors_info=&#8221;{}&#8221;][et_pb_column type=&#8221;1_2&#8243; _builder_version=&#8221;4.26.0&#8243; _module_preset=&#8221;default&#8221; global_colors_info=&#8221;{}&#8221;][et_pb_image src=&#8221;https:\/\/sibariscatering.com\/wp-content\/uploads\/2024\/05\/Frame-139.png&#8221; title_text=&#8221;Frame 139&#8243; force_fullwidth=&#8221;on&#8221; _builder_version=&#8221;4.26.0&#8243; _module_preset=&#8221;default&#8221; global_colors_info=&#8221;{}&#8221;][\/et_pb_image][et_pb_text _builder_version=&#8221;4.26.0&#8243; _module_preset=&#8221;default&#8221; text_font=&#8221;OTJubilee-Diamond||||||||&#8221; text_text_color=&#8221;#000000&#8243; text_font_size=&#8221;68px&#8221; text_line_height=&#8221;66px&#8221; global_colors_info=&#8221;{}&#8221;]C\u00e0tering 3 estrelles[\/et_pb_text][et_pb_text _builder_version=&#8221;4.26.0&#8243; _module_preset=&#8221;default&#8221; text_font=&#8221;AUTHENTICSans-60||||||||&#8221; text_text_color=&#8221;#000000&#8243; text_font_size=&#8221;24px&#8221; text_line_height=&#8221;28px&#8221; global_colors_info=&#8221;{}&#8221;]Ens hem associat amb Jordi Cruz, xef del restaurant amb tres estrelles michelin Abac. Junts hem desenvolupat una proposta gastron\u00f2mica \u00fanica.[\/et_pb_text][\/et_pb_column][et_pb_column type=&#8221;1_2&#8243; _builder_version=&#8221;4.26.0&#8243; _module_preset=&#8221;default&#8221; global_colors_info=&#8221;{}&#8221;][et_pb_image src=&#8221;https:\/\/sibariscatering.com\/wp-content\/uploads\/2024\/05\/Frame-140.png&#8221; title_text=&#8221;Frame 140&#8243; force_fullwidth=&#8221;on&#8221; _builder_version=&#8221;4.26.0&#8243; _module_preset=&#8221;default&#8221; global_colors_info=&#8221;{}&#8221;][\/et_pb_image][et_pb_text _builder_version=&#8221;4.26.0&#8243; _module_preset=&#8221;default&#8221; text_font=&#8221;OTJubilee-Diamond||||||||&#8221; text_text_color=&#8221;#000000&#8243; text_font_size=&#8221;68px&#8221; text_line_height=&#8221;66px&#8221; global_colors_info=&#8221;{}&#8221;]Sabors de la \u00edndia[\/et_pb_text][et_pb_text _builder_version=&#8221;4.26.0&#8243; _module_preset=&#8221;default&#8221; text_font=&#8221;AUTHENTICSans-60||||||||&#8221; text_text_color=&#8221;#000000&#8243; text_font_size=&#8221;24px&#8221; text_line_height=&#8221;28px&#8221; global_colors_info=&#8221;{}&#8221;]Amb el prestigi\u00f3s xef Ivan Surinder del restaurant indi Tandoor ens traslladem al pa\u00eds de les esp\u00e8cies. Esdeveniments \u00fanics que reflecteixen la riquesa cultural del pa\u00eds.[\/et_pb_text][\/et_pb_column][\/et_pb_row][et_pb_row column_structure=&#8221;1_2,1_2&#8243; use_custom_gutter=&#8221;on&#8221; gutter_width=&#8221;2&#8243; _builder_version=&#8221;4.26.0&#8243; _module_preset=&#8221;default&#8221; width=&#8221;95%&#8221; max_width=&#8221;95%&#8221; global_colors_info=&#8221;{}&#8221;][et_pb_column type=&#8221;1_2&#8243; _builder_version=&#8221;4.26.0&#8243; _module_preset=&#8221;default&#8221; global_colors_info=&#8221;{}&#8221;][et_pb_image src=&#8221;https:\/\/sibariscatering.com\/wp-content\/uploads\/2024\/05\/Frame-141.png&#8221; title_text=&#8221;Frame 141&#8243; force_fullwidth=&#8221;on&#8221; _builder_version=&#8221;4.26.0&#8243; _module_preset=&#8221;default&#8221; global_colors_info=&#8221;{}&#8221;][\/et_pb_image][et_pb_text _builder_version=&#8221;4.26.0&#8243; _module_preset=&#8221;default&#8221; text_font=&#8221;OTJubilee-Diamond||||||||&#8221; text_text_color=&#8221;#000000&#8243; text_font_size=&#8221;68px&#8221; text_line_height=&#8221;66px&#8221; global_colors_info=&#8221;{}&#8221;]Tiberi Club[\/et_pb_text][et_pb_text _builder_version=&#8221;4.26.0&#8243; _module_preset=&#8221;default&#8221; text_font=&#8221;AUTHENTICSans-60||||||||&#8221; text_text_color=&#8221;#000000&#8243; text_font_size=&#8221;24px&#8221; text_line_height=&#8221;28px&#8221; global_colors_info=&#8221;{}&#8221;]Un partner per crear moments gastron\u00f2mics especials, jugant amb els aliments, lespai i la posada en escena.[\/et_pb_text][\/et_pb_column][et_pb_column type=&#8221;1_2&#8243; _builder_version=&#8221;4.26.0&#8243; _module_preset=&#8221;default&#8221; global_colors_info=&#8221;{}&#8221;][et_pb_image src=&#8221;https:\/\/sibariscatering.com\/wp-content\/uploads\/2024\/05\/Frame-142.png&#8221; title_text=&#8221;Frame 142&#8243; force_fullwidth=&#8221;on&#8221; _builder_version=&#8221;4.26.0&#8243; _module_preset=&#8221;default&#8221; global_colors_info=&#8221;{}&#8221;][\/et_pb_image][et_pb_text _builder_version=&#8221;4.26.0&#8243; _module_preset=&#8221;default&#8221; text_font=&#8221;OTJubilee-Diamond||||||||&#8221; text_text_color=&#8221;#000000&#8243; text_font_size=&#8221;68px&#8221; text_line_height=&#8221;66px&#8221; global_colors_info=&#8221;{}&#8221;]Team building gastron\u00f2mic.[\/et_pb_text][et_pb_text _builder_version=&#8221;4.26.0&#8243; _module_preset=&#8221;default&#8221; text_font=&#8221;AUTHENTICSans-60||||||||&#8221; text_text_color=&#8221;#000000&#8243; text_font_size=&#8221;24px&#8221; text_line_height=&#8221;28px&#8221; global_colors_info=&#8221;{}&#8221;]Din\u00e0miques culin\u00e0ries per equips a l&#8217;estil MasterChef, en col\u00b7laboraci\u00f3 amb Arnau Paris, guanyador de la 9a edici\u00f3 del talent xou.[\/et_pb_text][\/et_pb_column][\/et_pb_row][et_pb_row column_structure=&#8221;1_2,1_2&#8243; use_custom_gutter=&#8221;on&#8221; gutter_width=&#8221;2&#8243; _builder_version=&#8221;4.26.0&#8243; _module_preset=&#8221;default&#8221; width=&#8221;95%&#8221; max_width=&#8221;95%&#8221; global_colors_info=&#8221;{}&#8221;][et_pb_column type=&#8221;1_2&#8243; _builder_version=&#8221;4.26.0&#8243; _module_preset=&#8221;default&#8221; global_colors_info=&#8221;{}&#8221;][et_pb_image src=&#8221;https:\/\/sibariscatering.com\/wp-content\/uploads\/2024\/05\/1104_SIBARIS_031-1.png&#8221; title_text=&#8221;_1104_SIBARIS_031 1&#8243; force_fullwidth=&#8221;on&#8221; _builder_version=&#8221;4.26.0&#8243; _module_preset=&#8221;default&#8221; global_colors_info=&#8221;{}&#8221;][\/et_pb_image][et_pb_text _builder_version=&#8221;4.26.0&#8243; _module_preset=&#8221;default&#8221; text_font=&#8221;OTJubilee-Diamond||||||||&#8221; text_text_color=&#8221;#000000&#8243; text_font_size=&#8221;68px&#8221; text_line_height=&#8221;66px&#8221; global_colors_info=&#8221;{}&#8221;]Sinergies creatives<br \/>\namb xefs.[\/et_pb_text][et_pb_text _builder_version=&#8221;4.26.0&#8243; _module_preset=&#8221;default&#8221; text_font=&#8221;AUTHENTICSans-60||||||||&#8221; text_text_color=&#8221;#000000&#8243; text_font_size=&#8221;24px&#8221; text_line_height=&#8221;28px&#8221; global_colors_info=&#8221;{}&#8221;]<\/p>\n<p><span>Aportem frescor i multiculturalitat als esdeveniments col\u00b7laborant amb Albert Raurich de 2 Palillos, Meylan i Josep Maria Kao del Grup KAO, i el talent\u00f3s reboster Christian Escrib\u00e0, entre d&#8217;altres.<\/span><\/p>\n<p>[\/et_pb_text][\/et_pb_column][et_pb_column type=&#8221;1_2&#8243; _builder_version=&#8221;4.26.0&#8243; _module_preset=&#8221;default&#8221; global_colors_info=&#8221;{}&#8221;][\/et_pb_column][\/et_pb_row][\/et_pb_section][et_pb_section fb_built=&#8221;1&#8243; fullwidth=&#8221;on&#8221; admin_label=&#8221;Section&#8221; _builder_version=&#8221;4.26.0&#8243; _module_preset=&#8221;default&#8221; da_disable_devices=&#8221;off|off|off&#8221; global_colors_info=&#8221;{}&#8221; da_is_popup=&#8221;off&#8221; da_exit_intent=&#8221;off&#8221; da_has_close=&#8221;on&#8221; da_alt_close=&#8221;off&#8221; da_dark_close=&#8221;off&#8221; da_not_modal=&#8221;on&#8221; da_is_singular=&#8221;off&#8221; da_with_loader=&#8221;off&#8221; da_has_shadow=&#8221;on&#8221;][\/et_pb_section]<\/p>\n","protected":false},"excerpt":{"rendered":"<p>El bon menjar que ens connectaConvertim cada esdeveniment d&#8217;empresa en una experi\u00e8ncia conceptual, singular i multisensorial. Col\u00b7laborant amb partners i xefs de reconegut prestigi creem viv\u00e8ncies que van m\u00e9s enll\u00e0 per a gaudir de la cuina creativa d&#8217;una manera diferent. Treballem conjuntament per a plantejar de la manera m\u00e9s precisa el vostre esdeveniment corporatiu; congressos [&hellip;]<\/p>\n","protected":false},"author":1,"featured_media":0,"parent":0,"menu_order":0,"comment_status":"closed","ping_status":"closed","template":"","meta":{"_et_pb_use_builder":"on","_et_pb_old_content":"","_et_gb_content_width":"","footnotes":""},"class_list":["post-336474","page","type-page","status-publish","hentry"],"_links":{"self":[{"href":"https:\/\/sibariscatering.com\/ca\/wp-json\/wp\/v2\/pages\/336474","targetHints":{"allow":["GET"]}}],"collection":[{"href":"https:\/\/sibariscatering.com\/ca\/wp-json\/wp\/v2\/pages"}],"about":[{"href":"https:\/\/sibariscatering.com\/ca\/wp-json\/wp\/v2\/types\/page"}],"author":[{"embeddable":true,"href":"https:\/\/sibariscatering.com\/ca\/wp-json\/wp\/v2\/users\/1"}],"replies":[{"embeddable":true,"href":"https:\/\/sibariscatering.com\/ca\/wp-json\/wp\/v2\/comments?post=336474"}],"version-history":[{"count":2,"href":"https:\/\/sibariscatering.com\/ca\/wp-json\/wp\/v2\/pages\/336474\/revisions"}],"predecessor-version":[{"id":336476,"href":"https:\/\/sibariscatering.com\/ca\/wp-json\/wp\/v2\/pages\/336474\/revisions\/336476"}],"wp:attachment":[{"href":"https:\/\/sibariscatering.com\/ca\/wp-json\/wp\/v2\/media?parent=336474"}],"curies":[{"name":"wp","href":"https:\/\/api.w.org\/{rel}","templated":true}]}}