{"id":336469,"date":"2024-10-05T07:11:51","date_gmt":"2024-10-05T05:11:51","guid":{"rendered":"https:\/\/sibariscatering.com\/gastronomia\/"},"modified":"2024-10-17T10:03:02","modified_gmt":"2024-10-17T08:03:02","slug":"gastronomia","status":"publish","type":"page","link":"https:\/\/sibariscatering.com\/ca\/gastronomia\/","title":{"rendered":"GASTRONOMIA"},"content":{"rendered":"<p>[et_pb_section fb_built=&#8221;1&#8243; admin_label=&#8221;Section&#8221; module_id=&#8221;seccion1&#8243; module_class=&#8221;dark-background&#8221; _builder_version=&#8221;4.27.2&#8243; _module_preset=&#8221;default&#8221; background_color=&#8221;rgba(224,153,0,0.3)&#8221; background_image=&#8221;https:\/\/sibariscatering.com\/wp-content\/uploads\/2024\/05\/gastronomia-sibaris-catering.jpg&#8221; background_blend=&#8221;multiply&#8221; min_height=&#8221;100vh&#8221; da_popup_slug=&#8221;seccion1&#8243; da_disable_devices=&#8221;off|off|off&#8221; global_colors_info=&#8221;{}&#8221; da_is_popup=&#8221;off&#8221; da_exit_intent=&#8221;off&#8221; da_has_close=&#8221;on&#8221; da_alt_close=&#8221;off&#8221; da_dark_close=&#8221;off&#8221; da_not_modal=&#8221;on&#8221; da_is_singular=&#8221;off&#8221; da_with_loader=&#8221;off&#8221; da_has_shadow=&#8221;on&#8221;][et_pb_row _builder_version=&#8221;4.26.0&#8243; _module_preset=&#8221;default&#8221; width=&#8221;100%&#8221; max_width=&#8221;100%&#8221; global_colors_info=&#8221;{}&#8221;][et_pb_column type=&#8221;4_4&#8243; _builder_version=&#8221;4.26.0&#8243; _module_preset=&#8221;default&#8221; global_colors_info=&#8221;{}&#8221;][\/et_pb_column][\/et_pb_row][et_pb_row _builder_version=&#8221;4.26.0&#8243; _module_preset=&#8221;default&#8221; global_colors_info=&#8221;{}&#8221;][et_pb_column type=&#8221;4_4&#8243; _builder_version=&#8221;4.26.0&#8243; _module_preset=&#8221;default&#8221; global_colors_info=&#8221;{}&#8221;][et_pb_text _builder_version=&#8221;4.27.2&#8243; _module_preset=&#8221;default&#8221; text_font=&#8221;OTJubilee-Diamond||||||||&#8221; text_text_color=&#8221;#FFFFFF&#8221; text_font_size=&#8221;67px&#8221; text_line_height=&#8221;0.9em&#8221; text_font_size_tablet=&#8221;67px&#8221; text_font_size_phone=&#8221;61px&#8221; text_font_size_last_edited=&#8221;on|phone&#8221; global_colors_info=&#8221;{}&#8221;]<\/p>\n<p>Creativitat, bon producte<br \/>i bones mans.<\/p>\n<p>[\/et_pb_text][et_pb_text _builder_version=&#8221;4.27.2&#8243; _module_preset=&#8221;default&#8221; text_font=&#8221;AUTHENTICSans-90||||||||&#8221; text_text_color=&#8221;#FFFFFF&#8221; text_font_size=&#8221;23px&#8221; text_line_height=&#8221;1.3em&#8221; custom_padding=&#8221;|||115px|false|false&#8221; custom_padding_tablet=&#8221;|||115px|false|false&#8221; custom_padding_phone=&#8221;|||0px|false|false&#8221; custom_padding_last_edited=&#8221;on|phone&#8221; global_colors_info=&#8221;{}&#8221;]<\/p>\n<p><span>Et proposem un joc de fogons i de contrastos amb productes premium i de proximitat. Dirigits per Josep Maria, xef creatiu, i amb tot l&#8217;equip comprom\u00e8s, creem bocades que emocionen. <\/span><\/p>\n<p>[\/et_pb_text][\/et_pb_column][\/et_pb_row][\/et_pb_section][et_pb_section fb_built=&#8221;1&#8243; admin_label=&#8221;Section&#8221; module_id=&#8221;seccion2&#8243; module_class=&#8221;light-background&#8221; _builder_version=&#8221;4.27.2&#8243; _module_preset=&#8221;default&#8221; da_popup_slug=&#8221;seccion2&#8243; da_disable_devices=&#8221;off|off|off&#8221; global_colors_info=&#8221;{}&#8221; da_is_popup=&#8221;off&#8221; da_exit_intent=&#8221;off&#8221; da_has_close=&#8221;on&#8221; da_alt_close=&#8221;off&#8221; da_dark_close=&#8221;off&#8221; da_not_modal=&#8221;on&#8221; da_is_singular=&#8221;off&#8221; da_with_loader=&#8221;off&#8221; da_has_shadow=&#8221;on&#8221;][et_pb_row _builder_version=&#8221;4.26.0&#8243; _module_preset=&#8221;default&#8221; global_colors_info=&#8221;{}&#8221;][et_pb_column type=&#8221;4_4&#8243; _builder_version=&#8221;4.26.0&#8243; _module_preset=&#8221;default&#8221; global_colors_info=&#8221;{}&#8221;][et_pb_text _builder_version=&#8221;4.26.0&#8243; _module_preset=&#8221;default&#8221; text_font=&#8221;OTJubilee-Diamond||||||||&#8221; text_text_color=&#8221;#000000&#8243; text_font_size=&#8221;67px&#8221; text_line_height=&#8221;0.9em&#8221; global_colors_info=&#8221;{}&#8221;]Una gastronomia humana que t&#8217;arriba.[\/et_pb_text][et_pb_text _builder_version=&#8221;4.26.0&#8243; _module_preset=&#8221;default&#8221; text_font=&#8221;AUTHENTICSans-90||||||||&#8221; text_text_color=&#8221;#000000&#8243; text_font_size=&#8221;23px&#8221; text_line_height=&#8221;1.3em&#8221; global_colors_info=&#8221;{}&#8221;]La nostra cuina est\u00e0 inspirada en les arrels i la naturalesa amb un toc d&#8217;avantguarda. A trav\u00e9s del color, el sabor, les aromes i les textures, creem mescles inesperades. Tot aix\u00f2, amb una posada en escena vibrant i fresca en col\u00b7laboraci\u00f3 amb partners, artistes i xefs, i un servei impecable, gr\u00e0cies al nostre equip de sala.[\/et_pb_text][et_pb_button button_url=&#8221;\/wp-content\/uploads\/2024\/05\/Catalogo-Gastronomia.pdf&#8221; button_text=&#8221; DESC\u00c0RREGA EL NOSTRE CAT\u00c0LEG GASTRON\u00d2MIC &#8221; _builder_version=&#8221;4.27.2&#8243; _module_preset=&#8221;default&#8221; custom_button=&#8221;on&#8221; button_text_size=&#8221;18px&#8221; button_text_color=&#8221;#000000&#8243; button_border_radius=&#8221;30px&#8221; button_font=&#8221;AUTHENTICSans-60|||on|||||&#8221; custom_padding=&#8221;10px|50px|10px|50px|true|true&#8221; global_colors_info=&#8221;{}&#8221; button_bg_color__hover_enabled=&#8221;on|hover&#8221; button_bg_color__hover=&#8221;#000000&#8243; button_bg_enable_color__hover=&#8221;on&#8221; button_text_color__hover_enabled=&#8221;on|hover&#8221; button_text_color__hover=&#8221;#FFFFFF&#8221;][\/et_pb_button][\/et_pb_column][\/et_pb_row][\/et_pb_section][et_pb_section fb_built=&#8221;1&#8243; admin_label=&#8221;Section&#8221; module_id=&#8221;seccion3&#8243; module_class=&#8221;light-background&#8221; _builder_version=&#8221;4.27.2&#8243; _module_preset=&#8221;default&#8221; da_popup_slug=&#8221;seccion3&#8243; da_disable_devices=&#8221;off|off|off&#8221; global_colors_info=&#8221;{}&#8221; da_is_popup=&#8221;off&#8221; da_exit_intent=&#8221;off&#8221; da_has_close=&#8221;on&#8221; da_alt_close=&#8221;off&#8221; da_dark_close=&#8221;off&#8221; da_not_modal=&#8221;on&#8221; da_is_singular=&#8221;off&#8221; da_with_loader=&#8221;off&#8221; da_has_shadow=&#8221;on&#8221;][et_pb_row column_structure=&#8221;1_2,1_2&#8243; use_custom_gutter=&#8221;on&#8221; gutter_width=&#8221;2&#8243; _builder_version=&#8221;4.26.0&#8243; _module_preset=&#8221;default&#8221; width=&#8221;95%&#8221; max_width=&#8221;95%&#8221; global_colors_info=&#8221;{}&#8221;][et_pb_column type=&#8221;1_2&#8243; _builder_version=&#8221;4.26.0&#8243; _module_preset=&#8221;default&#8221; global_colors_info=&#8221;{}&#8221;][et_pb_image src=&#8221;https:\/\/sibariscatering.com\/wp-content\/uploads\/2024\/05\/cocina-sibaris-catering.jpg&#8221; title_text=&#8221;cocina-sibaris-catering&#8221; force_fullwidth=&#8221;on&#8221; _builder_version=&#8221;4.26.0&#8243; _module_preset=&#8221;default&#8221; global_colors_info=&#8221;{}&#8221;][\/et_pb_image][\/et_pb_column][et_pb_column type=&#8221;1_2&#8243; _builder_version=&#8221;4.26.0&#8243; _module_preset=&#8221;default&#8221; global_colors_info=&#8221;{}&#8221;][et_pb_image src=&#8221;https:\/\/sibariscatering.com\/wp-content\/uploads\/2024\/03\/Frame-37.jpg&#8221; title_text=&#8221;Frame 37&#8243; force_fullwidth=&#8221;on&#8221; _builder_version=&#8221;4.26.0&#8243; _module_preset=&#8221;default&#8221; global_colors_info=&#8221;{}&#8221;][\/et_pb_image][\/et_pb_column][\/et_pb_row][\/et_pb_section][et_pb_section fb_built=&#8221;1&#8243; admin_label=&#8221;Section&#8221; module_id=&#8221;seccion2&#8243; module_class=&#8221;light-background&#8221; _builder_version=&#8221;4.27.2&#8243; _module_preset=&#8221;default&#8221; da_popup_slug=&#8221;seccion2&#8243; da_disable_devices=&#8221;off|off|off&#8221; global_colors_info=&#8221;{}&#8221; da_is_popup=&#8221;off&#8221; da_exit_intent=&#8221;off&#8221; da_has_close=&#8221;on&#8221; da_alt_close=&#8221;off&#8221; da_dark_close=&#8221;off&#8221; da_not_modal=&#8221;on&#8221; da_is_singular=&#8221;off&#8221; da_with_loader=&#8221;off&#8221; da_has_shadow=&#8221;on&#8221;][et_pb_row _builder_version=&#8221;4.26.0&#8243; _module_preset=&#8221;default&#8221; global_colors_info=&#8221;{}&#8221;][et_pb_column type=&#8221;4_4&#8243; _builder_version=&#8221;4.26.0&#8243; _module_preset=&#8221;default&#8221; global_colors_info=&#8221;{}&#8221;][et_pb_text _builder_version=&#8221;4.27.2&#8243; _module_preset=&#8221;default&#8221; text_font=&#8221;OTJubilee-Diamond||||||||&#8221; text_text_color=&#8221;#000000&#8243; text_font_size=&#8221;67px&#8221; text_line_height=&#8221;0.9em&#8221; global_colors_info=&#8221;{}&#8221;]<\/p>\n<p>Plats<\/p>\n<p>[\/et_pb_text][\/et_pb_column][\/et_pb_row][et_pb_row make_equal=&#8221;on&#8221; _builder_version=&#8221;4.27.0&#8243; _module_preset=&#8221;default&#8221; width=&#8221;100%&#8221; max_width=&#8221;100%&#8221; global_colors_info=&#8221;{}&#8221;][et_pb_column type=&#8221;4_4&#8243; _builder_version=&#8221;4.26.0&#8243; _module_preset=&#8221;default&#8221; global_colors_info=&#8221;{}&#8221;][dnxte_coverflowslider_parent dnxte_coverflow_autoplay_show_hide=&#8221;off&#8221; dnxte_coverflow_loop=&#8221;on&#8221; dnxte_coverflow_centered_slides=&#8221;on&#8221; dnxte_coverflow_mousewheel_enable=&#8221;off&#8221; dnxte_coverflow_speed=&#8221;190&#8243; dnxte_coverflow_spacebetween=&#8221;60&#8243; dnxte_coverflow_arrows=&#8221;on&#8221; dnxte_coverflow_pagination_type=&#8221;none&#8221; dnxte_coverflow_breakpoint_desktop=&#8221;4&#8243; dnxte_coverflow_pause_on_hover=&#8221;off&#8221; dnxte_coverflow_slide_stretch=&#8221;40&#8243; dnxte_coverflow_slide_depth=&#8221;1&#8243; dnxte_coverflow_arrow_color=&#8221;#000000&#8243; dnxte_coverflow_arrow_background_color=&#8221;RGBA(255,255,255,0)&#8221; dnxte_coverflow_arrow_position=&#8221;bottom-right&#8221; _builder_version=&#8221;4.27.2&#8243; _module_preset=&#8221;default&#8221; text_font=&#8221;AUTHENTICSans-60||||||||&#8221; text_text_align=&#8221;left&#8221; text_text_color=&#8221;#000000&#8243; text_font_size=&#8221;18px&#8221; content_font=&#8221;AUTHENTICSans-60||||||||&#8221; content_text_color=&#8221;#000000&#8243; content_font_size=&#8221;21px&#8221; background_enable_color=&#8221;off&#8221; hover_enabled=&#8221;0&#8243; border_color_all_image_border=&#8221;#ffffff&#8221; border_radii_arrow_border=&#8221;on|144px|144px|144px|144px&#8221; border_width_all_arrow_border=&#8221;1px&#8221; border_color_all_arrow_border=&#8221;#000000&#8243; global_colors_info=&#8221;{}&#8221; sticky_enabled=&#8221;0&#8243;][dnxte_coverflowslider_child coverflowslider_layouts=&#8221;below-image&#8221; coverflowslider_text=&#8221;TORRIJA&#8221; coverflowslider_content=&#8221;<\/p>\n<p>Con cremoso de tofe y helado de leche merengada<\/p>\n<p>&#8221; coverflowslider_image=&#8221;https:\/\/sibariscatering.com\/wp-content\/uploads\/2024\/04\/Frame-133.png&#8221; coverflowslider_text_padding=&#8221;10px|||20px|false|false&#8221; _builder_version=&#8221;4.27.2&#8243; _module_preset=&#8221;default&#8221; header_font=&#8221;||||||||&#8221; header_text_color=&#8221;#000000&#8243; header_font_size=&#8221;18px&#8221; header_letter_spacing=&#8221;1px&#8221; header_line_height=&#8221;1.4em&#8221; content_font_size=&#8221;17px&#8221; hover_enabled=&#8221;0&#8243; global_colors_info=&#8221;{}&#8221; sticky_enabled=&#8221;0&#8243; admin_label_text=&#8221;TORRIJA&#8221;][\/dnxte_coverflowslider_child][dnxte_coverflowslider_child coverflowslider_layouts=&#8221;below-image&#8221; coverflowslider_text=&#8221;TARTAR DE GAMBA&#8221; coverflowslider_content=&#8221;<\/p>\n<p>Con toffe de su coral<\/p>\n<p>&#8221; coverflowslider_image=&#8221;https:\/\/sibariscatering.com\/wp-content\/uploads\/2024\/04\/Frame-125.png&#8221; coverflowslider_text_padding=&#8221;10px|||20px|false|false&#8221; _builder_version=&#8221;4.27.2&#8243; _module_preset=&#8221;default&#8221; header_font=&#8221;AUTHENTICSans-60||||||||&#8221; header_text_color=&#8221;#000000&#8243; header_font_size=&#8221;18px&#8221; header_letter_spacing=&#8221;1px&#8221; header_line_height=&#8221;1.4em&#8221; content_text_color=&#8221;#000000&#8243; content_font_size=&#8221;17px&#8221; hover_enabled=&#8221;0&#8243; global_colors_info=&#8221;{}&#8221; title_text=&#8221;Frame 125&#8243; sticky_enabled=&#8221;0&#8243;][\/dnxte_coverflowslider_child][dnxte_coverflowslider_child coverflowslider_layouts=&#8221;below-image&#8221; coverflowslider_text=&#8221;PESCADO DE LONJA&#8221; coverflowslider_content=&#8221;<\/p>\n<p>Con patata, cebolla y concass\u00e9 de tomate moticella<\/p>\n<p>&#8221; coverflowslider_image=&#8221;https:\/\/sibariscatering.com\/wp-content\/uploads\/2024\/04\/Frame-130.png&#8221; coverflowslider_text_padding=&#8221;10px|||20px|false|false&#8221; _builder_version=&#8221;4.27.2&#8243; _module_preset=&#8221;default&#8221; header_font=&#8221;AUTHENTICSans-60||||||||&#8221; header_text_color=&#8221;#000000&#8243; header_font_size=&#8221;18px&#8221; header_letter_spacing=&#8221;1px&#8221; header_line_height=&#8221;1.4em&#8221; content_text_color=&#8221;#000000&#8243; content_font_size=&#8221;17px&#8221; hover_enabled=&#8221;0&#8243; global_colors_info=&#8221;{}&#8221; title_text=&#8221;Frame 130&#8243; sticky_enabled=&#8221;0&#8243;][\/dnxte_coverflowslider_child][dnxte_coverflowslider_child coverflowslider_layouts=&#8221;below-image&#8221; coverflowslider_text=&#8221;MIL HOJAS&#8221; coverflowslider_content=&#8221;<\/p>\n<p>De nata y frutos rojos<\/p>\n<p>&#8221; coverflowslider_image=&#8221;https:\/\/sibariscatering.com\/wp-content\/uploads\/2024\/04\/Frame-132.png&#8221; coverflowslider_text_padding=&#8221;10px|||20px|false|false&#8221; _builder_version=&#8221;4.27.2&#8243; _module_preset=&#8221;default&#8221; header_font=&#8221;AUTHENTICSans-60||||||||&#8221; header_text_color=&#8221;#000000&#8243; header_font_size=&#8221;18px&#8221; header_letter_spacing=&#8221;1px&#8221; header_line_height=&#8221;1.4em&#8221; content_text_color=&#8221;#000000&#8243; content_font_size=&#8221;17px&#8221; hover_enabled=&#8221;0&#8243; global_colors_info=&#8221;{}&#8221; title_text=&#8221;Frame 132&#8243; sticky_enabled=&#8221;0&#8243;][\/dnxte_coverflowslider_child][dnxte_coverflowslider_child coverflowslider_layouts=&#8221;below-image&#8221; coverflowslider_text=&#8221;CEVICHE&#8221; coverflowslider_content=&#8221;<\/p>\n<p>Con sorbete de Pisco Sour<\/p>\n<p>&#8221; coverflowslider_image=&#8221;https:\/\/sibariscatering.com\/wp-content\/uploads\/2024\/04\/Frame-120.png&#8221; coverflowslider_text_padding=&#8221;10px|||20px|false|false&#8221; _builder_version=&#8221;4.27.2&#8243; _module_preset=&#8221;default&#8221; header_font=&#8221;AUTHENTICSans-60||||||||&#8221; header_text_color=&#8221;#000000&#8243; header_font_size=&#8221;18px&#8221; header_letter_spacing=&#8221;1px&#8221; header_line_height=&#8221;1.4em&#8221; content_text_color=&#8221;#000000&#8243; content_font_size=&#8221;17px&#8221; hover_enabled=&#8221;0&#8243; global_colors_info=&#8221;{}&#8221; title_text=&#8221;Frame 120&#8243; sticky_enabled=&#8221;0&#8243;][\/dnxte_coverflowslider_child][dnxte_coverflowslider_child coverflowslider_layouts=&#8221;below-image&#8221; coverflowslider_text=&#8221;LOMO BAJO ESCALOPADO&#8221; coverflowslider_content=&#8221;<\/p>\n<p>Con emulsi\u00f3n de patata y cebollitas glaseadas<\/p>\n<p>&#8221; coverflowslider_image=&#8221;https:\/\/sibariscatering.com\/wp-content\/uploads\/2024\/04\/Frame-129.png&#8221; coverflowslider_text_padding=&#8221;10px|||20px|false|false&#8221; _builder_version=&#8221;4.27.2&#8243; _module_preset=&#8221;default&#8221; header_font=&#8221;AUTHENTICSans-60||||||||&#8221; header_text_color=&#8221;#000000&#8243; header_font_size=&#8221;18px&#8221; header_letter_spacing=&#8221;1px&#8221; header_line_height=&#8221;1.4em&#8221; content_text_color=&#8221;#000000&#8243; content_font_size=&#8221;17px&#8221; hover_enabled=&#8221;0&#8243; global_colors_info=&#8221;{}&#8221; title_text=&#8221;Frame 129&#8243; sticky_enabled=&#8221;0&#8243;][\/dnxte_coverflowslider_child][dnxte_coverflowslider_child coverflowslider_layouts=&#8221;below-image&#8221; coverflowslider_text=&#8221;TOSTADITAS&#8221; coverflowslider_content=&#8221;<\/p>\n<p>De anchoa del cant\u00e1brico y mantequilla<\/p>\n<p>&#8221; coverflowslider_image=&#8221;https:\/\/sibariscatering.com\/wp-content\/uploads\/2024\/04\/Frame-119.png&#8221; coverflowslider_text_padding=&#8221;10px|||20px|false|false&#8221; _builder_version=&#8221;4.27.2&#8243; _module_preset=&#8221;default&#8221; header_font=&#8221;AUTHENTICSans-60||||||||&#8221; header_text_color=&#8221;#000000&#8243; header_font_size=&#8221;18px&#8221; header_letter_spacing=&#8221;1px&#8221; header_line_height=&#8221;1.4em&#8221; content_text_color=&#8221;#000000&#8243; content_font_size=&#8221;17px&#8221; hover_enabled=&#8221;0&#8243; global_colors_info=&#8221;{}&#8221; title_text=&#8221;Frame 119&#8243; sticky_enabled=&#8221;0&#8243;][\/dnxte_coverflowslider_child][dnxte_coverflowslider_child coverflowslider_layouts=&#8221;below-image&#8221; coverflowslider_text=&#8221;COCA MEDITERRANEA&#8221; coverflowslider_content=&#8221;<\/p>\n<p>Con verduritas frescas, panacota de albahaca y chutney de tomate<\/p>\n<p>&#8221; coverflowslider_image=&#8221;https:\/\/sibariscatering.com\/wp-content\/uploads\/2024\/04\/Frame-124.png&#8221; coverflowslider_text_padding=&#8221;10px|||20px|false|false&#8221; _builder_version=&#8221;4.27.2&#8243; _module_preset=&#8221;default&#8221; header_font=&#8221;AUTHENTICSans-60||||||||&#8221; header_text_color=&#8221;#000000&#8243; header_font_size=&#8221;18px&#8221; header_letter_spacing=&#8221;1px&#8221; header_line_height=&#8221;1.4em&#8221; content_text_color=&#8221;#000000&#8243; content_font_size=&#8221;17px&#8221; hover_enabled=&#8221;0&#8243; global_colors_info=&#8221;{}&#8221; title_text=&#8221;Frame 124&#8243; sticky_enabled=&#8221;0&#8243;][\/dnxte_coverflowslider_child][dnxte_coverflowslider_child coverflowslider_layouts=&#8221;below-image&#8221; coverflowslider_text=&#8221;LOBSTER ROLL&#8221; coverflowslider_image=&#8221;https:\/\/sibariscatering.com\/wp-content\/uploads\/2024\/04\/Frame-121.png&#8221; coverflowslider_text_padding=&#8221;10px|||20px|false|false&#8221; _builder_version=&#8221;4.27.2&#8243; _module_preset=&#8221;default&#8221; header_font=&#8221;AUTHENTICSans-60||||||||&#8221; header_text_color=&#8221;#000000&#8243; header_font_size=&#8221;18px&#8221; header_letter_spacing=&#8221;1px&#8221; header_line_height=&#8221;1.4em&#8221; content_text_color=&#8221;#000000&#8243; content_font_size=&#8221;17px&#8221; hover_enabled=&#8221;0&#8243; global_colors_info=&#8221;{}&#8221; sticky_enabled=&#8221;0&#8243; title_text=&#8221;Frame 121&#8243;][\/dnxte_coverflowslider_child][dnxte_coverflowslider_child coverflowslider_layouts=&#8221;below-image&#8221; coverflowslider_text=&#8221;ROAST BEEF&#8221; coverflowslider_content=&#8221;<\/p>\n<p>De ternera madurada, con horseradish y mayonesa de ciboulette<\/p>\n<p>&#8221; coverflowslider_image=&#8221;https:\/\/sibariscatering.com\/wp-content\/uploads\/2024\/04\/Frame-127.png&#8221; coverflowslider_text_padding=&#8221;10px|||20px|false|false&#8221; _builder_version=&#8221;4.27.2&#8243; _module_preset=&#8221;default&#8221; header_font=&#8221;AUTHENTICSans-60||||||||&#8221; header_text_color=&#8221;#000000&#8243; header_font_size=&#8221;18px&#8221; header_letter_spacing=&#8221;1px&#8221; header_line_height=&#8221;1.4em&#8221; content_text_color=&#8221;#000000&#8243; content_font_size=&#8221;17px&#8221; hover_enabled=&#8221;0&#8243; global_colors_info=&#8221;{}&#8221; title_text=&#8221;Frame 127&#8243; sticky_enabled=&#8221;0&#8243;][\/dnxte_coverflowslider_child][dnxte_coverflowslider_child coverflowslider_layouts=&#8221;below-image&#8221; coverflowslider_text=&#8221;BUEY AL VINO TINTO&#8221; coverflowslider_content=&#8221;<\/p>\n<p>Con cremoso de patata y queso Comt\u00e9<\/p>\n<p>&#8221; coverflowslider_image=&#8221;https:\/\/sibariscatering.com\/wp-content\/uploads\/2024\/04\/Frame-128.png&#8221; coverflowslider_text_padding=&#8221;10px|||20px|false|false&#8221; _builder_version=&#8221;4.27.2&#8243; _module_preset=&#8221;default&#8221; header_font=&#8221;AUTHENTICSans-60||||||||&#8221; header_text_color=&#8221;#000000&#8243; header_font_size=&#8221;18px&#8221; header_letter_spacing=&#8221;1px&#8221; header_line_height=&#8221;1.4em&#8221; content_text_color=&#8221;#000000&#8243; content_font_size=&#8221;17px&#8221; hover_enabled=&#8221;0&#8243; global_colors_info=&#8221;{}&#8221; title_text=&#8221;Frame 128&#8243; sticky_enabled=&#8221;0&#8243;][\/dnxte_coverflowslider_child][dnxte_coverflowslider_child coverflowslider_layouts=&#8221;below-image&#8221; coverflowslider_text=&#8221;MINI BERENJENA MISO&#8221; coverflowslider_image=&#8221;https:\/\/sibariscatering.com\/wp-content\/uploads\/2024\/04\/Frame-122.png&#8221; coverflowslider_text_padding=&#8221;10px|||20px|false|false&#8221; _builder_version=&#8221;4.27.2&#8243; _module_preset=&#8221;default&#8221; header_font=&#8221;AUTHENTICSans-60||||||||&#8221; header_text_color=&#8221;#000000&#8243; header_font_size=&#8221;18px&#8221; header_letter_spacing=&#8221;1px&#8221; header_line_height=&#8221;1.4em&#8221; content_text_color=&#8221;#000000&#8243; content_font_size=&#8221;17px&#8221; hover_enabled=&#8221;0&#8243; global_colors_info=&#8221;{}&#8221; title_text=&#8221;Frame 122&#8243; sticky_enabled=&#8221;0&#8243;][\/dnxte_coverflowslider_child][dnxte_coverflowslider_child coverflowslider_layouts=&#8221;below-image&#8221; coverflowslider_text=&#8221;SOPA DE GUISANTES&#8221; coverflowslider_content=&#8221;<\/p>\n<p>Con verduritas frescas, panacotta de guisantes y coulis de menta<\/p>\n<p>&#8221; coverflowslider_image=&#8221;https:\/\/sibariscatering.com\/wp-content\/uploads\/2024\/04\/Frame-126.png&#8221; coverflowslider_text_padding=&#8221;10px|||20px|false|false&#8221; _builder_version=&#8221;4.27.2&#8243; _module_preset=&#8221;default&#8221; header_font=&#8221;AUTHENTICSans-60||||||||&#8221; header_text_color=&#8221;#000000&#8243; header_font_size=&#8221;18px&#8221; header_letter_spacing=&#8221;1px&#8221; header_line_height=&#8221;1.4em&#8221; content_text_color=&#8221;#000000&#8243; content_font_size=&#8221;17px&#8221; hover_enabled=&#8221;0&#8243; global_colors_info=&#8221;{}&#8221; title_text=&#8221;Frame 126&#8243; sticky_enabled=&#8221;0&#8243;][\/dnxte_coverflowslider_child][dnxte_coverflowslider_child coverflowslider_layouts=&#8221;below-image&#8221; coverflowslider_text=&#8221;BIKINI TRUFADO&#8221; coverflowslider_content=&#8221;<\/p>\n<p>De jam\u00f3n ib\u00e9rico<\/p>\n<p>&#8221; coverflowslider_image=&#8221;https:\/\/sibariscatering.com\/wp-content\/uploads\/2024\/04\/Frame-123.png&#8221; coverflowslider_text_padding=&#8221;10px|||20px|false|false&#8221; _builder_version=&#8221;4.27.2&#8243; _module_preset=&#8221;default&#8221; header_font=&#8221;AUTHENTICSans-60||||||||&#8221; header_text_color=&#8221;#000000&#8243; header_font_size=&#8221;18px&#8221; header_letter_spacing=&#8221;1px&#8221; header_line_height=&#8221;1.4em&#8221; content_text_color=&#8221;#000000&#8243; content_font_size=&#8221;17px&#8221; hover_enabled=&#8221;0&#8243; global_colors_info=&#8221;{}&#8221; title_text=&#8221;Frame 123&#8243; sticky_enabled=&#8221;0&#8243;][\/dnxte_coverflowslider_child][dnxte_coverflowslider_child coverflowslider_layouts=&#8221;below-image&#8221; coverflowslider_text=&#8221;CARPACCIO DE GAMBA&#8221; coverflowslider_content=&#8221;<\/p>\n<p>Con mayonesa de coral<\/p>\n<p>&#8221; coverflowslider_image=&#8221;https:\/\/sibariscatering.com\/wp-content\/uploads\/2024\/04\/Frame-131.png&#8221; coverflowslider_text_padding=&#8221;10px|||20px|false|false&#8221; _builder_version=&#8221;4.27.2&#8243; _module_preset=&#8221;default&#8221; header_font=&#8221;AUTHENTICSans-60||||||||&#8221; header_text_color=&#8221;#000000&#8243; header_font_size=&#8221;18px&#8221; header_letter_spacing=&#8221;1px&#8221; header_line_height=&#8221;1.4em&#8221; content_text_color=&#8221;#000000&#8243; content_font_size=&#8221;17px&#8221; hover_enabled=&#8221;0&#8243; global_colors_info=&#8221;{}&#8221; title_text=&#8221;Frame 131&#8243; sticky_enabled=&#8221;0&#8243;][\/dnxte_coverflowslider_child][\/dnxte_coverflowslider_parent][\/et_pb_column][\/et_pb_row][\/et_pb_section][et_pb_section fb_built=&#8221;1&#8243; fullwidth=&#8221;on&#8221; admin_label=&#8221;Section&#8221; _builder_version=&#8221;4.26.0&#8243; _module_preset=&#8221;default&#8221; da_disable_devices=&#8221;off|off|off&#8221; global_colors_info=&#8221;{}&#8221; da_is_popup=&#8221;off&#8221; da_exit_intent=&#8221;off&#8221; da_has_close=&#8221;on&#8221; da_alt_close=&#8221;off&#8221; da_dark_close=&#8221;off&#8221; da_not_modal=&#8221;on&#8221; da_is_singular=&#8221;off&#8221; da_with_loader=&#8221;off&#8221; da_has_shadow=&#8221;on&#8221;][\/et_pb_section]<\/p>\n","protected":false},"excerpt":{"rendered":"<p>Creativitat, bon productei bones mans.Et proposem un joc de fogons i de contrastos amb productes premium i de proximitat. Dirigits per Josep Maria, xef creatiu, i amb tot l&#8217;equip comprom\u00e8s, creem bocades que emocionen. Una gastronomia humana que t&#8217;arriba.La nostra cuina est\u00e0 inspirada en les arrels i la naturalesa amb un toc d&#8217;avantguarda. A trav\u00e9s [&hellip;]<\/p>\n","protected":false},"author":1,"featured_media":0,"parent":0,"menu_order":0,"comment_status":"closed","ping_status":"closed","template":"","meta":{"_et_pb_use_builder":"on","_et_pb_old_content":"","_et_gb_content_width":"","footnotes":""},"class_list":["post-336469","page","type-page","status-publish","hentry"],"_links":{"self":[{"href":"https:\/\/sibariscatering.com\/ca\/wp-json\/wp\/v2\/pages\/336469","targetHints":{"allow":["GET"]}}],"collection":[{"href":"https:\/\/sibariscatering.com\/ca\/wp-json\/wp\/v2\/pages"}],"about":[{"href":"https:\/\/sibariscatering.com\/ca\/wp-json\/wp\/v2\/types\/page"}],"author":[{"embeddable":true,"href":"https:\/\/sibariscatering.com\/ca\/wp-json\/wp\/v2\/users\/1"}],"replies":[{"embeddable":true,"href":"https:\/\/sibariscatering.com\/ca\/wp-json\/wp\/v2\/comments?post=336469"}],"version-history":[{"count":2,"href":"https:\/\/sibariscatering.com\/ca\/wp-json\/wp\/v2\/pages\/336469\/revisions"}],"predecessor-version":[{"id":336471,"href":"https:\/\/sibariscatering.com\/ca\/wp-json\/wp\/v2\/pages\/336469\/revisions\/336471"}],"wp:attachment":[{"href":"https:\/\/sibariscatering.com\/ca\/wp-json\/wp\/v2\/media?parent=336469"}],"curies":[{"name":"wp","href":"https:\/\/api.w.org\/{rel}","templated":true}]}}